{"id":133,"date":"2007-06-20T07:45:29","date_gmt":"2007-06-20T06:45:29","guid":{"rendered":"https:\/\/www.lern-online.net\/blog\/gastautoren-blogger-gesucht\/"},"modified":"2018-08-24T11:33:39","modified_gmt":"2018-08-24T10:33:39","slug":"gastautor-gesucht","status":"publish","type":"page","link":"https:\/\/lern-online.net\/blog\/gastautor-gesucht\/","title":{"rendered":"Gastautor gesucht"},"content":{"rendered":"<p>Wir sind immer auf der Suche nach guten Gastautoren und Gatbloggern f\u00fcr unseren Lernblog.<\/p>\n<p>Egal ob Du keine Erfahrungen mit Blogs hast oder ein WordPress-Experte bist? Wir geben Jeden eine Chance, der mit uns kooperiert und gute menschliche Werte besitzt!<\/p>\n<p>Ihr k\u00f6nnt einmalig einen\u00a0Gastbeitrag verfassen oder bei einem guten Beitrag regelm\u00e4\u00dfig\u00a0Gastbeitr\u00e4ge ver\u00f6ffentlichen.<\/p>\n<p>Wir wollen zun\u00e4chst ausschlie\u00dflich Artikel\/Beitr\u00e4ge zu den Themen E-Learning, Abitur, Studium sowie Bildungspolitik von Gastautoren vorstellen.<\/p>\n<p><strong>Unsere Regeln:<\/strong><\/p>\n<p>1. Dein Artikel\/Beitrag entspricht der amtlichen deutschen Rechtschreibung<\/p>\n<p>2. Dein Artikel\/Beitrag ist gegliedert und leserlich geschrieben<\/p>\n<p>4. Dein Artikel\/Beitrag stammt aus deiner Feder, verletzt kein Urheberrecht\/Copyright, ist kein Werbe-\/Spam-Artikel.<\/p>\n<p>5. Du erteilst uns mit dem Versand des Artikel\/Beitrag das unbefristete, dauerhafte Recht: Dein Artikel\/Beitrag unter deinen Namen, hier im Lernblog (https:\/\/lern-online.net\/blog\/) f\u00fcr die \u00d6ffentlichkeit jederzeit verf\u00fcgbar zu machen<\/p>\n","protected":false},"excerpt":{"rendered":"<p>Wir sind immer auf der Suche nach guten Gastautoren und Gatbloggern f\u00fcr unseren Lernblog. Egal ob Du keine Erfahrungen mit Blogs hast oder ein WordPress-Experte bist? Wir geben Jeden eine Chance, der mit uns kooperiert und gute menschliche Werte besitzt! Ihr k\u00f6nnt einmalig einen\u00a0Gastbeitrag verfassen oder bei einem guten Beitrag&#8230; <a href=\"https:\/\/lern-online.net\/blog\/gastautor-gesucht\/\">Read more &raquo;<\/a><\/p>\n","protected":false},"author":2,"featured_media":0,"parent":0,"menu_order":0,"comment_status":"closed","ping_status":"closed","template":"","meta":{"footnotes":""},"class_list":["post-133","page","type-page","status-publish","hentry"],"_links":{"self":[{"href":"https:\/\/lern-online.net\/blog\/wp-json\/wp\/v2\/pages\/133","targetHints":{"allow":["GET"]}}],"collection":[{"href":"https:\/\/lern-online.net\/blog\/wp-json\/wp\/v2\/pages"}],"about":[{"href":"https:\/\/lern-online.net\/blog\/wp-json\/wp\/v2\/types\/page"}],"author":[{"embeddable":true,"href":"https:\/\/lern-online.net\/blog\/wp-json\/wp\/v2\/users\/2"}],"replies":[{"embeddable":true,"href":"https:\/\/lern-online.net\/blog\/wp-json\/wp\/v2\/comments?post=133"}],"version-history":[{"count":1,"href":"https:\/\/lern-online.net\/blog\/wp-json\/wp\/v2\/pages\/133\/revisions"}],"predecessor-version":[{"id":4409,"href":"https:\/\/lern-online.net\/blog\/wp-json\/wp\/v2\/pages\/133\/revisions\/4409"}],"wp:attachment":[{"href":"https:\/\/lern-online.net\/blog\/wp-json\/wp\/v2\/media?parent=133"}],"curies":[{"name":"wp","href":"https:\/\/api.w.org\/{rel}","templated":true}]}}