{"id":84,"date":"2006-06-03T11:50:10","date_gmt":"2006-06-03T10:50:10","guid":{"rendered":"https:\/\/www.lern-online.net\/blog\/?page_id=84"},"modified":"2018-08-17T04:09:49","modified_gmt":"2018-08-17T03:09:49","slug":"autoren","status":"publish","type":"page","link":"https:\/\/lern-online.net\/blog\/autoren\/","title":{"rendered":"Autoren"},"content":{"rendered":"<p><strong>Grigorij Kosba<\/strong><\/p>\n<p>Grigorij Kosba studierte seit Oktober 2006 den Bachelor-Studiengang Wirtschaftsinformatik an der Universit\u00e4t Leipzig. Momentan arbeitet er sehr viel und hat leider kaum Zeit f\u00fcr den Lernblog.<\/p>\n<p>Grigorij gr\u00fcndete im Mai 2002 damals noch alleine &#8222;Lern-Online&#8220;. Hin und wieder interviewt er gerne Webmaster, Studenten, Gesch\u00e4ftsleute und andere interessante Menschen f\u00fcr den Lernblog.<\/p>\n<p>Mehr \u00fcber Grigorij erfahren Sie auf <a title=\"Grigorij Kosba\" href=\"https:\/\/www.lern-online.net\/allgemein\/ueber-uns\/grigorij-kosba\/\">Grigorij Kosba<\/a> und im <a title=\"Interview mit Grigorij Kosba von Lern-Online.net\" href=\"http:\/\/www.mindpicnic.de\/weblog\/2006\/may\/13\/lern-online\/\" target=\"_blank\" rel=\"noopener\">Interview auf Mindpicnic<\/a> bzw. im Interview auf. <a title=\"Interview mit Gr\u00fcnder von lern-online.net\" href=\"https:\/\/www.lernen-mit-spass.ch\/team\/weblog\/index.php?name=interview-mit-grunder-von-lern-onlinenet\" target=\"_blank\" rel=\"noopener\">Lernen-mit-Spass.ch<\/a>. Seine <a title=\"Grigorijs Lieblingsb\u00fccher\" href=\"https:\/\/www.lern-online.net\/allgemein\/ueber-uns\/grigorij-kosba\/lieblingsbuecher\/\" target=\"_blank\" rel=\"noopener\">Lieblingsb\u00fccher<\/a> k\u00f6nnt ihr auf einer separaten Seite finden.<\/p>\n<p><tt><a title=\"Grigorij Kosba auf Xing\" href=\"https:\/\/www.xing.com\/profile\/Grigorij_Kosba\" target=\"_blank\" rel=\"noopener\"><img loading=\"lazy\" decoding=\"async\" title=\"Grigorij Kosba bei XING\" src=\"http:\/\/www.xing.com\/img\/buttons\/5_de_btn.gif\" alt=\"Grigorij Kosba bei XING\" width=\"118\" height=\"23\" \/><\/a> <a title=\"Grigorij Kosba auf LinkedIn\" href=\"https:\/\/de.linkedin.com\/in\/grigorij-kosba\" target=\"_blank\" rel=\"noopener\"><img loading=\"lazy\" decoding=\"async\" title=\"Grigorij Kosba bei LinkedIn\" src=\"http:\/\/www.linkedin.com\/img\/webpromo\/btn_viewmy_160x33.gif\" alt=\"Grigorij Kosba bei LinkedIn\" width=\"160\" height=\"33\" \/><\/a><\/tt><\/p>\n<p><strong>Kevin Kaatz<\/strong><\/p>\n<p>Ich werde mich mal nicht dem Stil meines Vorg\u00e4ngers anschlie\u00dfen, sondern in der Ich-Form \u00fcber mich erz\u00e4hlen &#8211; nicht, weil ich so extrem egozentrisch bin, sondern damit klar wird, dass dies eine eher einseitige Sichtweise meiner Person \u00fcber mich selbst ist.<\/p>\n<p>Was gibt es da alles Tolles aus meinem Leben, was in diesem Block dringend ver\u00f6ffentlicht werden sollte? Da w\u00e4re vielleicht erstmal meine Schulzeit &#8211; ihr Ende liegt <span style=\"text-decoration: line-through;\">kurz vor mir<\/span> nun auch hinter mir (HURRA!!!), genau wie die Abipr\u00fcfungen.<\/p>\n<p>Was tue ich nun? Im Moment studiere ich Mathematik und Philosophie an der Universit\u00e4t zu K\u00f6ln. Die n\u00e4chsten geplanten Schritte sind dann der Eintritt in das Berufsleben eines Lehrers, die Pension und nat\u00fcrlich der Eichensarg.<\/p>\n<p>In meiner Freizeit verfahre ich gern nach dem Motto: &#8222;Wie das Leben kommt&#8220; &#8211; von Tennis \u00fcber Gitarre spielen bis hin zum Computer ist da alles mit dabei. Wenn mir wirklich, wirklich langweilig ist, backe ich auch mal ne Pizza&#8230; das hat den Vorteil, dass viel Zeit vor\u00fcberzieht. Au\u00dferdem ist das, was dabei rauskommt, die Langeweile wert.<\/p>\n<p><strong>Ali Yildirim<\/strong><\/p>\n","protected":false},"excerpt":{"rendered":"<p>Grigorij Kosba Grigorij Kosba studierte seit Oktober 2006 den Bachelor-Studiengang Wirtschaftsinformatik an der Universit\u00e4t Leipzig. Momentan arbeitet er sehr viel und hat leider kaum Zeit f\u00fcr den Lernblog. Grigorij gr\u00fcndete im Mai 2002 damals noch alleine &#8222;Lern-Online&#8220;. Hin und wieder interviewt er gerne Webmaster, Studenten, Gesch\u00e4ftsleute und andere interessante Menschen&#8230; <a href=\"https:\/\/lern-online.net\/blog\/autoren\/\">Read more &raquo;<\/a><\/p>\n","protected":false},"author":2,"featured_media":0,"parent":0,"menu_order":0,"comment_status":"closed","ping_status":"open","template":"","meta":{"footnotes":""},"class_list":["post-84","page","type-page","status-publish","hentry"],"_links":{"self":[{"href":"https:\/\/lern-online.net\/blog\/wp-json\/wp\/v2\/pages\/84","targetHints":{"allow":["GET"]}}],"collection":[{"href":"https:\/\/lern-online.net\/blog\/wp-json\/wp\/v2\/pages"}],"about":[{"href":"https:\/\/lern-online.net\/blog\/wp-json\/wp\/v2\/types\/page"}],"author":[{"embeddable":true,"href":"https:\/\/lern-online.net\/blog\/wp-json\/wp\/v2\/users\/2"}],"replies":[{"embeddable":true,"href":"https:\/\/lern-online.net\/blog\/wp-json\/wp\/v2\/comments?post=84"}],"version-history":[{"count":1,"href":"https:\/\/lern-online.net\/blog\/wp-json\/wp\/v2\/pages\/84\/revisions"}],"predecessor-version":[{"id":4401,"href":"https:\/\/lern-online.net\/blog\/wp-json\/wp\/v2\/pages\/84\/revisions\/4401"}],"wp:attachment":[{"href":"https:\/\/lern-online.net\/blog\/wp-json\/wp\/v2\/media?parent=84"}],"curies":[{"name":"wp","href":"https:\/\/api.w.org\/{rel}","templated":true}]}}